{"id":115,"date":"2016-08-06T13:42:52","date_gmt":"2016-08-06T11:42:52","guid":{"rendered":"http:\/\/localhost\/www.epicure.live\/?page_id=115"},"modified":"2016-10-31T04:41:03","modified_gmt":"2016-10-31T03:41:03","slug":"les-dernieres-nouvelles","status":"publish","type":"page","link":"https:\/\/www.epicure.live\/de\/accueil\/le-projet\/les-dernieres-nouvelles\/","title":{"rendered":"Der Arbeitsablauf"},"content":{"rendered":"<p>Juin 2014 &#8211; Er\u00f6ffnung von &#8218;Ze Fork&#8216;<\/p>\n<p>D\u00e9cembre 2012 &#8211; Die WG\u00a0&#8218;H\u00f4tel de Ville&#8216;\u00a0ist bewohnt<\/p>\n<p>Mars 2012 &#8211; Die B\u00fcros\u00a06B und 59S_1 stehen bereit f\u00fcr Sunergic<\/p>\n<p>Novembre 2011 &#8211;\u00a0Wir machen weiter<\/p>\n<p>Avril 2011 &#8211; Les bureaux sur le lac sont termin\u00e9s. Basalte dans l&#8217;entr\u00e9e, argile cir\u00e9 aux murs, parquet en ch\u00eane massif, une certaine ambiance!<\/p>\n<p>D\u00e9cembre 2010 &#8211; La deuxi\u00e8me coloc &#8218;Du Milieu&#8216; au 59S s&#8217;accompagne d&#8217;une troisi\u00e8me coloc &#8218;Sud&#8216; dans la jolie maison no 6 sur le lac en attendant que l&#8217;affectation d\u00e9finitive du Rez finalise son sort. Le bureau sur le lac se remplit d&#8217;affables hommes d&#8217;affaires. Saint Nicolas est revenu dans la galerie \u00e9clair\u00e9e \u00e0 la lueur des bougies, un moment magique et pas seulement pour les tout-petits de la cr\u00e8che!<\/p>\n<p>Juin 2010 &#8211; Le Sapin! Au Sud c\u00f4t\u00e9 Lac le dernier toit est achev\u00e9, les \u00e9chafaudages sur le Quai sont retir\u00e9s, les portes du rez ferment, les volets sont accroch\u00e9s. Alors on a f\u00eat\u00e9 le Sapin, et tout plein de Bouquets, le 19, avec les artisans, les L\u00e9manois et tous ceux qui nous ont aid\u00e9s par leurs encouragements. Une soir\u00e9e qu&#8217;on n&#8217;oubliera pas, gr\u00e2ce \u00e0 Malcolm, J\u00e9r\u00f4me et les musiciens de la jam session<\/p>\n<p>Mars 2010 &#8211; Les voiles des \u00e9chafaudages enveloppent le 6, la nouvelle verriere \u00e9merge, de cuivre v\u00eatue. Une horde de bonnes volont\u00e9s s&#8217;est annonc\u00e9e pour un atelier argile et les temp\u00e9ratures promettent de redevenir d\u00e9centes pour la saison, alors tout va bien!<\/p>\n<p>D\u00e9cembre 2009 &#8211; Visite de Saint Nicolas au 59-61! Les enfants des nouveaux locataires ont eu la grande surprise de se trouver nez \u00e0 nez avec un vieillard tr\u00e8s convaincant, et tr\u00e8s bien inform\u00e9&#8230;<\/p>\n<p>Ao\u00fbt 2009 &#8211; La Patience est \u00e0 l&#8217;ordre du jour. Nous profitons de ce bel \u00e9t\u00e9, le dernier dans les \u00e9chafaudages, du moins on l&#8217;esp\u00e8re&#8230; et Rosalie pr\u00e9pare de nouveau une frise, cette fois sous le toit de la petite maison du Quai. La verri\u00e8re bleue est une merveille de l\u00e9g\u00e8ret\u00e9<\/p>\n<p>Avril 2009 &#8211; La nouvelle terrasse est \u00e9tanche!<\/p>\n<p>Novembre 2008 &#8211; On attaque la terrasse! La charpente du triangle\u00a0a \u00e9t\u00e9 redress\u00e9e et les premiers m2 de terrasse ont disparus sous le toit provisoire<\/p>\n<p>Septembre 2008 &#8211; Les tulipes apparaissent sous le front de la maison blanche du bord du lac, le no 4<\/p>\n<p>F\u00e9vrier 2008 &#8211; Ouverture du &#8218;C\u00f4t\u00e9 Potager&#8216; dans la bienveillance g\u00e9n\u00e9rale. Bravo, Madame la Potag\u00e8re! Une nouvelle \u00e8re s&#8217;annonce.<\/p>\n<p>D\u00e9but Novembre 2007 &#8211; L&#8217;ancien rideau de fer de la boulangerie Bussy Durieu\u00a0est remont\u00e9 p\u00e9niblement au cric et d\u00e9voile centim\u00e8tre par centim\u00e8tre sa belle ferronerie artistiquement rouill\u00e9e&#8230;<\/p>\n<p>Mi-Septembre 2007 &#8211; Un arc d&#8217;ext\u00e9rieur d\u00e9couvert dans le magasin sur rue nous am\u00e8ne \u00e0 penser \u00e0 pr\u00e9sent qu&#8217;il n&#8217;y avait pas d&#8217;\u00e9choppe, mais un march\u00e9 ouvert sous l&#8217;habitation du premier \u00e9tage, nous attendons encore l&#8217;avis des historiens<\/p>\n<p>D\u00e9but Septembre 2007 &#8211; Le toit du 59_Sud est \u00e9tanche<\/p>\n<p>Ao\u00fbt 2007 &#8211; Aikim, n\u00e9 dans la plus haute chambre de L\u00e9man 6 il y a \u00e0 peine deux ans, nous salue \u00e0 pr\u00e9sent d&#8217;un &#8218;bonzour&#8216; vigoureux<\/p>\n<p>Juillet 2007 &#8211; Premiers locataires de la coloc&#8216;: la nich\u00e9e de rouge-queue ET les noctambules du Montreux Jazz. Tout le monde se porte bien<\/p>\n<p>Juin 2007 &#8211; La cuisine de la premi\u00e8re coloc&#8217;Nord&#8216; est inaugur\u00e9e<\/p>\n<p>Mai 2007 &#8211; Le toit rue d&#8217;Italie 59 est isol\u00e9e et \u00e9tanche, la fin de l&#8217;\u00e9poque h\u00e9ro\u00efque approche<\/p>\n<p>Avril 2007 &#8211; La fa\u00e7ade sur la rue d&#8217;Italie est d\u00e9voil\u00e9e<\/p>\n<p>Avril 2006 &#8211; La canalisation enterr\u00e9e entre en service<\/p>\n<p>Mars 2006 &#8211; La deuxi\u00e8me parcelle est achet\u00e9e<\/p>\n<p>D\u00e9cembre 2005 &#8211; Le premis de construire est d\u00e9livr\u00e9<\/p>\n<p>Et\u00e9 2005 &#8211;\u00a0 Le chantier est d\u00e9blay\u00e9<em> (NB 2007: enfin, on s&#8217;imaginait avoir tout d\u00e9blay\u00e9, \u00e0 l&#8217;\u00e9poque, simplement parce qu&#8217;on parvenait \u00e0 passer dans les couloirs&#8230;)<\/em>: 70 bennes de mat\u00e9riel, 20 frigos, 15 cuisini\u00e8res, des douzaines de vieux matelas, des cartons, des sacs poubelle, des m3 de bois, un chat et un rat momifi\u00e9s. <em>(NB 2007: toujours pas de raton laveur.)<\/em><\/p>\n<p>F\u00e9vrier 2005 &#8211; La premi\u00e8re parcelle est achet\u00e9e<\/p>\n<p>*<em>nous appelons ainsi la maison du 59, notre afffection vient de ce qu&#8217;elle s&#8217;est bien cach\u00e9e pendant des si\u00e8cles sous un anonymat prudent<\/em><\/p>","protected":false},"excerpt":{"rendered":"<p>Juin 2014 &#8211; Er\u00f6ffnung von &#8218;Ze Fork&#8216; D\u00e9cembre 2012 &#8211; Die WG\u00a0&#8218;H\u00f4tel de Ville&#8216;\u00a0ist bewohnt Mars 2012 &#8211; Die B\u00fcros\u00a06B und 59S_1 stehen bereit f\u00fcr Sunergic Novembre 2011 &#8211;\u00a0Wir machen weiter Avril 2011 &#8211; Les bureaux sur le lac sont termin\u00e9s. Basalte dans l&#8217;entr\u00e9e, argile cir\u00e9 aux murs, parquet en ch\u00eane massif, une certaine ambiance! [&hellip;]<\/p>\n","protected":false},"author":1,"featured_media":0,"parent":111,"menu_order":4,"comment_status":"closed","ping_status":"closed","template":"","meta":[],"_links":{"self":[{"href":"https:\/\/www.epicure.live\/de\/wp-json\/wp\/v2\/pages\/115"}],"collection":[{"href":"https:\/\/www.epicure.live\/de\/wp-json\/wp\/v2\/pages"}],"about":[{"href":"https:\/\/www.epicure.live\/de\/wp-json\/wp\/v2\/types\/page"}],"author":[{"embeddable":true,"href":"https:\/\/www.epicure.live\/de\/wp-json\/wp\/v2\/users\/1"}],"replies":[{"embeddable":true,"href":"https:\/\/www.epicure.live\/de\/wp-json\/wp\/v2\/comments?post=115"}],"version-history":[{"count":6,"href":"https:\/\/www.epicure.live\/de\/wp-json\/wp\/v2\/pages\/115\/revisions"}],"predecessor-version":[{"id":549,"href":"https:\/\/www.epicure.live\/de\/wp-json\/wp\/v2\/pages\/115\/revisions\/549"}],"up":[{"embeddable":true,"href":"https:\/\/www.epicure.live\/de\/wp-json\/wp\/v2\/pages\/111"}],"wp:attachment":[{"href":"https:\/\/www.epicure.live\/de\/wp-json\/wp\/v2\/media?parent=115"}],"curies":[{"name":"wp","href":"https:\/\/api.w.org\/{rel}","templated":true}]}}