{"id":139,"date":"2016-08-06T13:55:42","date_gmt":"2016-08-06T11:55:42","guid":{"rendered":"http:\/\/localhost\/www.epicure.live\/?page_id=139"},"modified":"2016-10-30T00:47:19","modified_gmt":"2016-10-29T22:47:19","slug":"histoire","status":"publish","type":"page","link":"https:\/\/www.epicure.live\/de\/accueil\/histoire\/","title":{"rendered":"L&#8217;histoire"},"content":{"rendered":"<p><a href=\"http:\/\/www.epicure.live\/histoire\/le-bourg-du-vieux-mazel\/\">Le Bourg du Vieux-Mazel<\/a>\u00a0&#8211; <a href=\"http:\/\/www.epicure.live\/histoire\/de-1840-a-nos-jours\/\">De 1840 \u00e0 nos jours<\/a> &#8211; <a href=\"http:\/\/www.epicure.live\/histoire\/avant-1840\/\">Avant 1840<\/a><\/p>\n<p>C&#8217;est autour de 1840 que le quartier a pris son aspect actuel, avec la destruction des fortifications, la cr\u00e9ation du Quai et l&#8217;\u00e9largissement de la ruelle du L\u00e9man.<\/p>\n<div id='gallery-3' class='gallery galleryid-139 gallery-columns-5 gallery-size-thumbnail'><dl class='gallery-item'>\n\t\t\t<dt class='gallery-icon landscape'>\n\t\t\t\t<a href='https:\/\/www.epicure.live\/wp-content\/uploads\/2016\/08\/1740_comment.jpg'><img width=\"150\" height=\"150\" src=\"https:\/\/www.epicure.live\/wp-content\/uploads\/2016\/08\/1740_comment-150x150.jpg\" class=\"attachment-thumbnail size-thumbnail\" alt=\"\" decoding=\"async\" loading=\"lazy\" srcset=\"https:\/\/www.epicure.live\/wp-content\/uploads\/2016\/08\/1740_comment-150x150.jpg 150w, https:\/\/www.epicure.live\/wp-content\/uploads\/2016\/08\/1740_comment-480x480.jpg 480w\" sizes=\"(max-width: 150px) 100vw, 150px\" \/><\/a>\n\t\t\t<\/dt><\/dl><dl class='gallery-item'>\n\t\t\t<dt class='gallery-icon landscape'>\n\t\t\t\t<a href='https:\/\/www.epicure.live\/wp-content\/uploads\/2016\/08\/1800_vueDepuisLaTour.jpg'><img width=\"150\" height=\"150\" src=\"https:\/\/www.epicure.live\/wp-content\/uploads\/2016\/08\/1800_vueDepuisLaTour-150x150.jpg\" class=\"attachment-thumbnail size-thumbnail\" alt=\"\" decoding=\"async\" loading=\"lazy\" srcset=\"https:\/\/www.epicure.live\/wp-content\/uploads\/2016\/08\/1800_vueDepuisLaTour-150x150.jpg 150w, https:\/\/www.epicure.live\/wp-content\/uploads\/2016\/08\/1800_vueDepuisLaTour-480x480.jpg 480w\" sizes=\"(max-width: 150px) 100vw, 150px\" \/><\/a>\n\t\t\t<\/dt><\/dl><dl class='gallery-item'>\n\t\t\t<dt class='gallery-icon landscape'>\n\t\t\t\t<a href='https:\/\/www.epicure.live\/wp-content\/uploads\/2016\/08\/1840_comment.jpg'><img width=\"150\" height=\"150\" src=\"https:\/\/www.epicure.live\/wp-content\/uploads\/2016\/08\/1840_comment-150x150.jpg\" class=\"attachment-thumbnail size-thumbnail\" alt=\"\" decoding=\"async\" loading=\"lazy\" srcset=\"https:\/\/www.epicure.live\/wp-content\/uploads\/2016\/08\/1840_comment-150x150.jpg 150w, https:\/\/www.epicure.live\/wp-content\/uploads\/2016\/08\/1840_comment-480x480.jpg 480w\" sizes=\"(max-width: 150px) 100vw, 150px\" \/><\/a>\n\t\t\t<\/dt><\/dl><dl class='gallery-item'>\n\t\t\t<dt class='gallery-icon landscape'>\n\t\t\t\t<a href='https:\/\/www.epicure.live\/wp-content\/uploads\/2016\/08\/1889_comment.jpg'><img width=\"150\" height=\"150\" src=\"https:\/\/www.epicure.live\/wp-content\/uploads\/2016\/08\/1889_comment-150x150.jpg\" class=\"attachment-thumbnail size-thumbnail\" alt=\"\" decoding=\"async\" loading=\"lazy\" srcset=\"https:\/\/www.epicure.live\/wp-content\/uploads\/2016\/08\/1889_comment-150x150.jpg 150w, https:\/\/www.epicure.live\/wp-content\/uploads\/2016\/08\/1889_comment-480x480.jpg 480w\" sizes=\"(max-width: 150px) 100vw, 150px\" \/><\/a>\n\t\t\t<\/dt><\/dl><dl class='gallery-item'>\n\t\t\t<dt class='gallery-icon landscape'>\n\t\t\t\t<a href='https:\/\/www.epicure.live\/wp-content\/uploads\/2016\/08\/1500_murailles.jpg'><img width=\"150\" height=\"150\" src=\"https:\/\/www.epicure.live\/wp-content\/uploads\/2016\/08\/1500_murailles-150x150.jpg\" class=\"attachment-thumbnail size-thumbnail\" alt=\"\" decoding=\"async\" loading=\"lazy\" srcset=\"https:\/\/www.epicure.live\/wp-content\/uploads\/2016\/08\/1500_murailles-150x150.jpg 150w, https:\/\/www.epicure.live\/wp-content\/uploads\/2016\/08\/1500_murailles-480x480.jpg 480w\" sizes=\"(max-width: 150px) 100vw, 150px\" \/><\/a>\n\t\t\t<\/dt><\/dl><br style=\"clear: both\" \/>\n\t\t<\/div>\n\n<div class=\"sig\"><\/div>\n<p><\/p>","protected":false},"excerpt":{"rendered":"<p>Le Bourg du Vieux-Mazel\u00a0&#8211; De 1840 \u00e0 nos jours &#8211; Avant 1840 C&#8217;est autour de 1840 que le quartier a pris son aspect actuel, avec la destruction des fortifications, la cr\u00e9ation du Quai et l&#8217;\u00e9largissement de la ruelle du L\u00e9man.<\/p>\n","protected":false},"author":1,"featured_media":337,"parent":185,"menu_order":2,"comment_status":"closed","ping_status":"closed","template":"","meta":[],"_links":{"self":[{"href":"https:\/\/www.epicure.live\/de\/wp-json\/wp\/v2\/pages\/139"}],"collection":[{"href":"https:\/\/www.epicure.live\/de\/wp-json\/wp\/v2\/pages"}],"about":[{"href":"https:\/\/www.epicure.live\/de\/wp-json\/wp\/v2\/types\/page"}],"author":[{"embeddable":true,"href":"https:\/\/www.epicure.live\/de\/wp-json\/wp\/v2\/users\/1"}],"replies":[{"embeddable":true,"href":"https:\/\/www.epicure.live\/de\/wp-json\/wp\/v2\/comments?post=139"}],"version-history":[{"count":5,"href":"https:\/\/www.epicure.live\/de\/wp-json\/wp\/v2\/pages\/139\/revisions"}],"predecessor-version":[{"id":350,"href":"https:\/\/www.epicure.live\/de\/wp-json\/wp\/v2\/pages\/139\/revisions\/350"}],"up":[{"embeddable":true,"href":"https:\/\/www.epicure.live\/de\/wp-json\/wp\/v2\/pages\/185"}],"wp:featuredmedia":[{"embeddable":true,"href":"https:\/\/www.epicure.live\/de\/wp-json\/wp\/v2\/media\/337"}],"wp:attachment":[{"href":"https:\/\/www.epicure.live\/de\/wp-json\/wp\/v2\/media?parent=139"}],"curies":[{"name":"wp","href":"https:\/\/api.w.org\/{rel}","templated":true}]}}