{"id":149,"date":"2016-08-06T13:57:45","date_gmt":"2016-08-06T11:57:45","guid":{"rendered":"http:\/\/localhost\/www.epicure.live\/?page_id=149"},"modified":"2016-10-28T22:12:04","modified_gmt":"2016-10-28T20:12:04","slug":"avant-1840","status":"publish","type":"page","link":"https:\/\/www.epicure.live\/de\/accueil\/histoire\/avant-1840\/","title":{"rendered":"Avant 1840"},"content":{"rendered":"<p>Gefunden auf den \u00e4ltesten Katasterkarten, die gleiche l\u00e4ngliche Grundst\u00fcck. Bau war einfach verdichtet Zeit. Die Stra\u00dfenseite von Italien hat immer versucht, aber der Seeseite war eher zwielichtigen bis vor wenigen Jahren.<\/p>\n<p>Rue d&#8217;Italie, XVI und XVII Jahrhundert<\/p>\n<p>F\u00fcr die Aufzeichnung visualisieren die Stra\u00dfen von Italien im sechzehnten und siebzehnten Jahrhundert. Wir sind unter der Leitung von Bern. Vevey beherbergt Hunderte von Hugenotten, die mit ihnen ihr Know-how einbringen. Die wohlhabende Stadt. Bis zur Installation des Brunnens sp\u00e4ten achtzehnten, ist es auf diesem Platz vor dem Turm Saint John (1329), das ging, was wir jetzt die Justiz des Friedens nennen. Die Villa entging der 1688 Feuer, das den gr\u00f6\u00dften Teil der Altstadt zerst\u00f6rt. Es beh\u00e4lt daher seine Holz Seite Hof. Alle W\u00e4nde auf dem Dach, so dass vier Etagen, haben eine beruhigende Dicke. Sie bestehen aus Stapel von unterschiedlichen Steinen aus Kalk.<br \/>\nEine tiefe Renovierung wird Ende des neunzehnten Jahrhunderts eingegriffen, die \u00e9chope, die auf den Stra\u00dfen von Italien existieren einmal sollten wir nichts gefunden haben, eher eine Frage Arche, die zu diesem sch\u00f6nen Sandsteinbogen mittelalterlichen kam, Portal die lassen Pass Wagen in der Mitte unter einem Haus?<\/p>\n<p>Zuerst konnten wir die Entsorgung von einem Schlafzimmer erkennen: das Bett wurde aus dem Rest des Raumes durch eine Art von T\u00fcr getrennt oder Holzplatte schieben. Es wurde nicht beheizt.<br \/>\nDas Zimmer \u00f6ffnete direkt in einen gro\u00dfen Raum in Grisaille dekoriert die Berner mit einer Base auch grau lackiert. Diese sehr charakteristische Farbe, in vielen alten H\u00e4usern in der Region, wurde von der Rebe schie\u00dft Asche erhalten. Das Zimmer wurde von einem Ofen erhitzt, mehr und mehr durch die Jahrhunderte. Steinw\u00e4nde sind mit alten M\u00f6rtel, hergestellt mit zersto\u00dfenem Ziegel abgedeckt. Einer der beiden kleinen Nischen in der Wand genommen umfasste eine Klappt\u00fcr mit Leder.<\/p>\n<p>Auf der zweiten Etage erw\u00e4rmt ein flacher Sandsteinkamin den kleinen Raum. Gemalt in gelben Balken, wie die gro\u00dfen Zimmer Balken, die wir raten sie \u00e9taent mit dunkler Filets grau lackiert, der Zahn der Zeit leiden. Weil einige Wasserinfiltration m\u00fcssen aufwendig durch Ersetzen Holz in der Mitte der Strahleinspritzung und spezielle Harze verfestigt werden. Der gro\u00dfe Raum musste polychrome werden: wir an der Decke zwischen den Balken Spuren von Blumen und Fr\u00fcchten in blau und orange, gelb, grau finden. Dieses Zimmer wurde von einem Ofen erhitzt.<\/p>\n<div id=\"attachment_72\" style=\"width: 210px\" class=\"wp-caption alignnone\"><img aria-describedby=\"caption-attachment-72\" decoding=\"async\" loading=\"lazy\" class=\"wp-image-72 size-full\" src=\"http:\/\/www.epicure.live\/wp-content\/uploads\/2016\/08\/TulipeBleue1_petit-medium.jpg\" alt=\"TulipeBleue1_petit-medium\" width=\"200\" height=\"134\" \/><p id=\"caption-attachment-72\" class=\"wp-caption-text\">Fleurs et fruits, un vestige \u00e9mouvant des exil\u00e9s du Refuge<\/p><\/div>\n<p><div id=\"attachment_73\" style=\"width: 210px\" class=\"wp-caption alignnone\"><img aria-describedby=\"caption-attachment-73\" decoding=\"async\" loading=\"lazy\" class=\"wp-image-73 size-full\" src=\"http:\/\/www.epicure.live\/wp-content\/uploads\/2016\/08\/hotelduleman-medium.jpg\" alt=\"hotelduleman-medium\" width=\"200\" height=\"142\" \/><p id=\"caption-attachment-73\" class=\"wp-caption-text\">Cadastre, autour de 1850<\/p><\/div><\/p>","protected":false},"excerpt":{"rendered":"<p>Gefunden auf den \u00e4ltesten Katasterkarten, die gleiche l\u00e4ngliche Grundst\u00fcck. Bau war einfach verdichtet Zeit. Die Stra\u00dfenseite von Italien hat immer versucht, aber der Seeseite war eher zwielichtigen bis vor wenigen Jahren. Rue d&#8217;Italie, XVI und XVII Jahrhundert F\u00fcr die Aufzeichnung visualisieren die Stra\u00dfen von Italien im sechzehnten und siebzehnten Jahrhundert. Wir sind unter der Leitung [&hellip;]<\/p>\n","protected":false},"author":1,"featured_media":0,"parent":139,"menu_order":2,"comment_status":"closed","ping_status":"closed","template":"","meta":[],"_links":{"self":[{"href":"https:\/\/www.epicure.live\/de\/wp-json\/wp\/v2\/pages\/149"}],"collection":[{"href":"https:\/\/www.epicure.live\/de\/wp-json\/wp\/v2\/pages"}],"about":[{"href":"https:\/\/www.epicure.live\/de\/wp-json\/wp\/v2\/types\/page"}],"author":[{"embeddable":true,"href":"https:\/\/www.epicure.live\/de\/wp-json\/wp\/v2\/users\/1"}],"replies":[{"embeddable":true,"href":"https:\/\/www.epicure.live\/de\/wp-json\/wp\/v2\/comments?post=149"}],"version-history":[{"count":3,"href":"https:\/\/www.epicure.live\/de\/wp-json\/wp\/v2\/pages\/149\/revisions"}],"predecessor-version":[{"id":399,"href":"https:\/\/www.epicure.live\/de\/wp-json\/wp\/v2\/pages\/149\/revisions\/399"}],"up":[{"embeddable":true,"href":"https:\/\/www.epicure.live\/de\/wp-json\/wp\/v2\/pages\/139"}],"wp:attachment":[{"href":"https:\/\/www.epicure.live\/de\/wp-json\/wp\/v2\/media?parent=149"}],"curies":[{"name":"wp","href":"https:\/\/api.w.org\/{rel}","templated":true}]}}