{"id":154,"date":"2016-08-06T13:59:25","date_gmt":"2016-08-06T11:59:25","guid":{"rendered":"http:\/\/localhost\/www.epicure.live\/?page_id=154"},"modified":"2016-10-31T04:19:07","modified_gmt":"2016-10-31T03:19:07","slug":"un-veritable-labyrinthe","status":"publish","type":"page","link":"https:\/\/www.epicure.live\/de\/accueil\/le-projet\/un-veritable-labyrinthe\/","title":{"rendered":"Ein Labyrinth"},"content":{"rendered":"<p>Beim ersten Besuch f\u00fchlt man sich etwas desorientiert bzw verloren\u00a0&#8230;<\/p>\n<p>Auf der gesamten Parzelle befinden sich acht v\u00f6llig unterschiedliche\u00a0H\u00e4user auf verschiedenen Niveaux mit 2 bis 5 Stockwerken.<\/p>\n<p>Ein\u00a0System von Passagen und Treppen verbindet das Ganze auf dem Erdgeschoss und im ersten Stock. Verschiedene Oeffnungen \u00a0zu den benachbarten Parzellen wurden schon fr\u00fcher zugemauert und zeugen davon dass in alten Zeiten die N\u00e4he zu den Nachbarn gr\u00f6sser war und nicht nur die G\u00e4rten geteilt und gemeinsam genutzt wurden.<\/p>\n<p><img decoding=\"async\" loading=\"lazy\" class=\"alignnone size-full wp-image-6\" src=\"http:\/\/www.epicure.live\/wp-content\/uploads\/2016\/08\/plancouloirsweb.jpg\" alt=\"plancouloirsweb\" width=\"601\" height=\"365\" srcset=\"https:\/\/www.epicure.live\/wp-content\/uploads\/2016\/08\/plancouloirsweb.jpg 601w, https:\/\/www.epicure.live\/wp-content\/uploads\/2016\/08\/plancouloirsweb-300x182.jpg 300w\" sizes=\"(max-width: 601px) 100vw, 601px\" \/> <img decoding=\"async\" loading=\"lazy\" class=\"alignnone wp-image-7 size-full\" src=\"http:\/\/www.epicure.live\/wp-content\/uploads\/2016\/08\/planparcellesmall.jpg\" alt=\"planparcellesmall\" width=\"320\" height=\"425\" srcset=\"https:\/\/www.epicure.live\/wp-content\/uploads\/2016\/08\/planparcellesmall.jpg 320w, https:\/\/www.epicure.live\/wp-content\/uploads\/2016\/08\/planparcellesmall-226x300.jpg 226w\" sizes=\"(max-width: 320px) 100vw, 320px\" \/><\/p>","protected":false},"excerpt":{"rendered":"<p>Beim ersten Besuch f\u00fchlt man sich etwas desorientiert bzw verloren\u00a0&#8230; Auf der gesamten Parzelle befinden sich acht v\u00f6llig unterschiedliche\u00a0H\u00e4user auf verschiedenen Niveaux mit 2 bis 5 Stockwerken. Ein\u00a0System von Passagen und Treppen verbindet das Ganze auf dem Erdgeschoss und im ersten Stock. Verschiedene Oeffnungen \u00a0zu den benachbarten Parzellen wurden schon fr\u00fcher zugemauert und zeugen davon [&hellip;]<\/p>\n","protected":false},"author":1,"featured_media":0,"parent":111,"menu_order":2,"comment_status":"closed","ping_status":"closed","template":"","meta":[],"_links":{"self":[{"href":"https:\/\/www.epicure.live\/de\/wp-json\/wp\/v2\/pages\/154"}],"collection":[{"href":"https:\/\/www.epicure.live\/de\/wp-json\/wp\/v2\/pages"}],"about":[{"href":"https:\/\/www.epicure.live\/de\/wp-json\/wp\/v2\/types\/page"}],"author":[{"embeddable":true,"href":"https:\/\/www.epicure.live\/de\/wp-json\/wp\/v2\/users\/1"}],"replies":[{"embeddable":true,"href":"https:\/\/www.epicure.live\/de\/wp-json\/wp\/v2\/comments?post=154"}],"version-history":[{"count":7,"href":"https:\/\/www.epicure.live\/de\/wp-json\/wp\/v2\/pages\/154\/revisions"}],"predecessor-version":[{"id":546,"href":"https:\/\/www.epicure.live\/de\/wp-json\/wp\/v2\/pages\/154\/revisions\/546"}],"up":[{"embeddable":true,"href":"https:\/\/www.epicure.live\/de\/wp-json\/wp\/v2\/pages\/111"}],"wp:attachment":[{"href":"https:\/\/www.epicure.live\/de\/wp-json\/wp\/v2\/media?parent=154"}],"curies":[{"name":"wp","href":"https:\/\/api.w.org\/{rel}","templated":true}]}}