{"id":156,"date":"2016-08-06T14:00:43","date_gmt":"2016-08-06T12:00:43","guid":{"rendered":"http:\/\/localhost\/www.epicure.live\/?page_id=156"},"modified":"2016-10-29T00:32:30","modified_gmt":"2016-10-28T22:32:30","slug":"colocation-nord","status":"publish","type":"page","link":"https:\/\/www.epicure.live\/de\/accueil\/colocations\/colocation-nord\/","title":{"rendered":"WG Nord"},"content":{"rendered":"<p>Zwei H\u00e4user ..\u00a0\u00a0anciennes de quatre \u00e9tages ont \u00e9t\u00e9 connect\u00e9es entre elles, puis r\u00e9nov\u00e9es\u00a0afin d&#8217;accueillir d\u00e8s l&#8217;automne 2008 une\u00a0colocation d&#8217;une dizaine de jeunes, \u00e9tudiants ou professionnels.\u00a0La cuisine, la buanderie et la terrasse sont communes, presque chaque chambre a sa salle de bains.<\/p>\n<p>La colocation se trouve \u00e0 c\u00f4t\u00e9 de l&#8217;H\u00f4tel de Ville, rue d&#8217;Italie, \u00e0 cinquante m\u00e8tres du lac et moins de dix minutes \u00e0 pied de la gare.<\/p>\n<p>Prochaine disponibilit\u00e9 : <em>rien pour l&#8217;instant, <\/em><em>inscrivez-vous sur la liste d&#8217;int\u00e9ress\u00e9s en pr\u00e9cisant les dates<\/em><\/p>\n<p>Merci d&#8217;utiliser la page Contact<\/p>","protected":false},"excerpt":{"rendered":"<p>Zwei H\u00e4user ..\u00a0\u00a0anciennes de quatre \u00e9tages ont \u00e9t\u00e9 connect\u00e9es entre elles, puis r\u00e9nov\u00e9es\u00a0afin d&#8217;accueillir d\u00e8s l&#8217;automne 2008 une\u00a0colocation d&#8217;une dizaine de jeunes, \u00e9tudiants ou professionnels.\u00a0La cuisine, la buanderie et la terrasse sont communes, presque chaque chambre a sa salle de bains. La colocation se trouve \u00e0 c\u00f4t\u00e9 de l&#8217;H\u00f4tel de Ville, rue d&#8217;Italie, \u00e0 cinquante [&hellip;]<\/p>\n","protected":false},"author":1,"featured_media":0,"parent":435,"menu_order":1,"comment_status":"closed","ping_status":"closed","template":"","meta":[],"_links":{"self":[{"href":"https:\/\/www.epicure.live\/de\/wp-json\/wp\/v2\/pages\/156"}],"collection":[{"href":"https:\/\/www.epicure.live\/de\/wp-json\/wp\/v2\/pages"}],"about":[{"href":"https:\/\/www.epicure.live\/de\/wp-json\/wp\/v2\/types\/page"}],"author":[{"embeddable":true,"href":"https:\/\/www.epicure.live\/de\/wp-json\/wp\/v2\/users\/1"}],"replies":[{"embeddable":true,"href":"https:\/\/www.epicure.live\/de\/wp-json\/wp\/v2\/comments?post=156"}],"version-history":[{"count":3,"href":"https:\/\/www.epicure.live\/de\/wp-json\/wp\/v2\/pages\/156\/revisions"}],"predecessor-version":[{"id":495,"href":"https:\/\/www.epicure.live\/de\/wp-json\/wp\/v2\/pages\/156\/revisions\/495"}],"up":[{"embeddable":true,"href":"https:\/\/www.epicure.live\/de\/wp-json\/wp\/v2\/pages\/435"}],"wp:attachment":[{"href":"https:\/\/www.epicure.live\/de\/wp-json\/wp\/v2\/media?parent=156"}],"curies":[{"name":"wp","href":"https:\/\/api.w.org\/{rel}","templated":true}]}}