{"id":185,"date":"2016-08-06T15:26:55","date_gmt":"2016-08-06T13:26:55","guid":{"rendered":"http:\/\/localhost\/www.epicure.live\/?page_id=185"},"modified":"2020-11-18T10:32:47","modified_gmt":"2020-11-18T09:32:47","slug":"accueil","status":"publish","type":"page","link":"https:\/\/www.epicure.live\/de\/","title":{"rendered":"Epicure"},"content":{"rendered":"<p>Das Projekt \u2018L\u00e9man2\u2019 hat einer kleinen Insel im\u00a0\u00e4ltesten Teils\u00a0von Vevey neues Leben eingehaucht. Auf einer\u00a0Parzelle zwischen der Rue d&#8217;Italie 59\/61 und dem Quai Perdonnet sind seit der\u00a0R\u00f6merzeit acht H\u00e4user entstanden. Die H\u00e4user am See wurden erst am Ende des 19. Jahrhunderts fertiggestellt,\u00a0zur Zeit als die ersten Z\u00fcge Touristen nach Vevey brachten. Heute bietet die Liegenschaft\u00a0eine bemerkenswerte\u00a0Reise durch die Gschichte dieser aussergew\u00f6hnlichen Stadt am Ufer des L\u00e9man (=Der See).<\/p>\n<p>Mit der Renovation wurde 2005 begonnen. Als erste Einheit wurde im November 2007 die Epicerie \u2018C\u00f4t\u00e9 Potager\u2019 f\u00fcr lokale Produkte an der Rue d&#8217;Italie er\u00f6ffnet und zum Abschluss der Arbeiten im Juni 2014 das Restaurant \u201aZe Fork&#8216; auf dem Quai Perdonnet. Inzwischen haben hier drei Wohngemeinschaften, drei Familien, B\u00fcros, Yoga und Physio ihren Platz gefunden. Seit 2015 ist \u201aL\u00e9man2\u2019 voll 100% operationell.<\/p>\n<p>Heute leben und arbeiten\u00a0rund\u00a060 Leute in diesem Komplex nach\u00a0den Grunds\u00e4tzen \u201aTeilen\u2019, ,Schlichtheit&#8216; und ,Freundschaft\u2019 &#8211; dem Beispiel des griechischen Philosophen Epikur folgend.<\/p>\n<p><img decoding=\"async\" loading=\"lazy\" class=\"alignnone size-full wp-image-58\" src=\"http:\/\/www.epicure.live\/wp-content\/uploads\/2016\/08\/091024-038.jpg\" alt=\"091024 038\" width=\"800\" height=\"600\" srcset=\"https:\/\/www.epicure.live\/wp-content\/uploads\/2016\/08\/091024-038.jpg 800w, https:\/\/www.epicure.live\/wp-content\/uploads\/2016\/08\/091024-038-300x225.jpg 300w, https:\/\/www.epicure.live\/wp-content\/uploads\/2016\/08\/091024-038-768x576.jpg 768w, https:\/\/www.epicure.live\/wp-content\/uploads\/2016\/08\/091024-038-480x360.jpg 480w, https:\/\/www.epicure.live\/wp-content\/uploads\/2016\/08\/091024-038-333x250.jpg 333w\" sizes=\"(max-width: 800px) 100vw, 800px\" \/><\/p>","protected":false},"excerpt":{"rendered":"<p>Das Projekt \u2018L\u00e9man2\u2019 hat einer kleinen Insel im\u00a0\u00e4ltesten Teils\u00a0von Vevey neues Leben eingehaucht. Auf einer\u00a0Parzelle zwischen der Rue d&#8217;Italie 59\/61 und dem Quai Perdonnet sind seit der\u00a0R\u00f6merzeit acht H\u00e4user entstanden. Die H\u00e4user am See wurden erst am Ende des 19. Jahrhunderts fertiggestellt,\u00a0zur Zeit als die ersten Z\u00fcge Touristen nach Vevey brachten. Heute bietet die Liegenschaft\u00a0eine [&hellip;]<\/p>\n","protected":false},"author":1,"featured_media":265,"parent":0,"menu_order":0,"comment_status":"closed","ping_status":"closed","template":"","meta":[],"_links":{"self":[{"href":"https:\/\/www.epicure.live\/de\/wp-json\/wp\/v2\/pages\/185"}],"collection":[{"href":"https:\/\/www.epicure.live\/de\/wp-json\/wp\/v2\/pages"}],"about":[{"href":"https:\/\/www.epicure.live\/de\/wp-json\/wp\/v2\/types\/page"}],"author":[{"embeddable":true,"href":"https:\/\/www.epicure.live\/de\/wp-json\/wp\/v2\/users\/1"}],"replies":[{"embeddable":true,"href":"https:\/\/www.epicure.live\/de\/wp-json\/wp\/v2\/comments?post=185"}],"version-history":[{"count":32,"href":"https:\/\/www.epicure.live\/de\/wp-json\/wp\/v2\/pages\/185\/revisions"}],"predecessor-version":[{"id":709,"href":"https:\/\/www.epicure.live\/de\/wp-json\/wp\/v2\/pages\/185\/revisions\/709"}],"wp:featuredmedia":[{"embeddable":true,"href":"https:\/\/www.epicure.live\/de\/wp-json\/wp\/v2\/media\/265"}],"wp:attachment":[{"href":"https:\/\/www.epicure.live\/de\/wp-json\/wp\/v2\/media?parent=185"}],"curies":[{"name":"wp","href":"https:\/\/api.w.org\/{rel}","templated":true}]}}