{"id":203,"date":"2016-08-06T19:46:19","date_gmt":"2016-08-06T17:46:19","guid":{"rendered":"http:\/\/www.epicure.live\/?page_id=203"},"modified":"2016-10-30T00:48:58","modified_gmt":"2016-10-29T22:48:58","slug":"terrasse","status":"publish","type":"page","link":"https:\/\/www.epicure.live\/de\/accueil\/terrasse\/","title":{"rendered":"Terrasse"},"content":{"rendered":"<p>Die Terrasse ist das wichtigste verbindende Element innerhalb von L\u00e9man2, ein Ort der Begegnung, der Kontemplation und des Festens.<\/p>\n<p>Hier sind die Regeln welche einen reibungslosen Betrieb garantieren:<\/p>\n<p>1) Absoluter Respekt\u00a0aller andern Ben\u00fctzer der Terrasse und der umliegenden Wohnungen<\/p>\n<p>2)\u00a0F\u00fcr Gruppen mit \u00fcber 10 Teilnehmern ist eine Anmeldung und Information der \u00fcbrigen Bewohner erforderlich<\/p>\n<p>3) F\u00fcr Einladungen mit Besuchern die nicht im Komplex wohnen m\u00fcssen angemeldet werden<\/p>\n<p>4) Ab \u00a022h darf kein L\u00e4rm mehr gemacht werden (Musik, Gel\u00e4chter, lautstarke Diskussionen und herzzerreissende Abschiede\u00a0mit Zurufen auf \u00fcber 10 m)<\/p>\n<p>5) Ab\u00a024h ist die Terrasse est aufger\u00e4umt und leer, eine Verl\u00e4ngerung bis\u00a02h ist nur an Freitagen und Samstagen m\u00f6glich<\/p>\n<p>&nbsp;<\/p>","protected":false},"excerpt":{"rendered":"<p>Die Terrasse ist das wichtigste verbindende Element innerhalb von L\u00e9man2, ein Ort der Begegnung, der Kontemplation und des Festens. Hier sind die Regeln welche einen reibungslosen Betrieb garantieren: 1) Absoluter Respekt\u00a0aller andern Ben\u00fctzer der Terrasse und der umliegenden Wohnungen 2)\u00a0F\u00fcr Gruppen mit \u00fcber 10 Teilnehmern ist eine Anmeldung und Information der \u00fcbrigen Bewohner erforderlich 3) [&hellip;]<\/p>\n","protected":false},"author":1,"featured_media":54,"parent":185,"menu_order":7,"comment_status":"closed","ping_status":"closed","template":"","meta":[],"_links":{"self":[{"href":"https:\/\/www.epicure.live\/de\/wp-json\/wp\/v2\/pages\/203"}],"collection":[{"href":"https:\/\/www.epicure.live\/de\/wp-json\/wp\/v2\/pages"}],"about":[{"href":"https:\/\/www.epicure.live\/de\/wp-json\/wp\/v2\/types\/page"}],"author":[{"embeddable":true,"href":"https:\/\/www.epicure.live\/de\/wp-json\/wp\/v2\/users\/1"}],"replies":[{"embeddable":true,"href":"https:\/\/www.epicure.live\/de\/wp-json\/wp\/v2\/comments?post=203"}],"version-history":[{"count":7,"href":"https:\/\/www.epicure.live\/de\/wp-json\/wp\/v2\/pages\/203\/revisions"}],"predecessor-version":[{"id":473,"href":"https:\/\/www.epicure.live\/de\/wp-json\/wp\/v2\/pages\/203\/revisions\/473"}],"up":[{"embeddable":true,"href":"https:\/\/www.epicure.live\/de\/wp-json\/wp\/v2\/pages\/185"}],"wp:featuredmedia":[{"embeddable":true,"href":"https:\/\/www.epicure.live\/de\/wp-json\/wp\/v2\/media\/54"}],"wp:attachment":[{"href":"https:\/\/www.epicure.live\/de\/wp-json\/wp\/v2\/media?parent=203"}],"curies":[{"name":"wp","href":"https:\/\/api.w.org\/{rel}","templated":true}]}}