{"id":256,"date":"2016-08-11T10:39:21","date_gmt":"2016-08-11T08:39:21","guid":{"rendered":"http:\/\/www.epicure.live\/?page_id=256"},"modified":"2016-12-29T08:30:44","modified_gmt":"2016-12-29T07:30:44","slug":"bureaux","status":"publish","type":"page","link":"https:\/\/www.epicure.live\/de\/accueil\/bureaux\/","title":{"rendered":"B\u00fcros"},"content":{"rendered":"<p>B\u00fcros befinden sich noch im 1. Stock der Rue du L\u00e9man 6 und des Quai Perdonnet 23. Getreu dem Basiskonzept der Modularit\u00e4t k\u00f6nnen jedoch &#8211; mit Ausnahme des Parterres alle R\u00e4umlichkeiten als Aufenthalt- und\u00a0Wohnraum verwendet werden.<\/p>\n<p>W\u00e4hrend f\u00fcr den\u00a01. Stock des\u00a0Quai Perdonnet der vorl\u00e4ufig noch als B\u00fcro dient derzeit ein Projekt entwickelt wird wurde jener an der Rue du L\u00e9man6 m\u00f6bliert und steht f\u00fcr kurzfristige Mieten zur Verf\u00fcgung.<\/p>\n<p>&nbsp;<\/p>\n<p>&nbsp;<\/p>\n<p>&nbsp;<\/p>","protected":false},"excerpt":{"rendered":"<p>B\u00fcros befinden sich noch im 1. Stock der Rue du L\u00e9man 6 und des Quai Perdonnet 23. Getreu dem Basiskonzept der Modularit\u00e4t k\u00f6nnen jedoch &#8211; mit Ausnahme des Parterres alle R\u00e4umlichkeiten als Aufenthalt- und\u00a0Wohnraum verwendet werden. W\u00e4hrend f\u00fcr den\u00a01. Stock des\u00a0Quai Perdonnet der vorl\u00e4ufig noch als B\u00fcro dient derzeit ein Projekt entwickelt wird wurde jener [&hellip;]<\/p>\n","protected":false},"author":2,"featured_media":94,"parent":185,"menu_order":9,"comment_status":"closed","ping_status":"closed","template":"","meta":[],"_links":{"self":[{"href":"https:\/\/www.epicure.live\/de\/wp-json\/wp\/v2\/pages\/256"}],"collection":[{"href":"https:\/\/www.epicure.live\/de\/wp-json\/wp\/v2\/pages"}],"about":[{"href":"https:\/\/www.epicure.live\/de\/wp-json\/wp\/v2\/types\/page"}],"author":[{"embeddable":true,"href":"https:\/\/www.epicure.live\/de\/wp-json\/wp\/v2\/users\/2"}],"replies":[{"embeddable":true,"href":"https:\/\/www.epicure.live\/de\/wp-json\/wp\/v2\/comments?post=256"}],"version-history":[{"count":22,"href":"https:\/\/www.epicure.live\/de\/wp-json\/wp\/v2\/pages\/256\/revisions"}],"predecessor-version":[{"id":670,"href":"https:\/\/www.epicure.live\/de\/wp-json\/wp\/v2\/pages\/256\/revisions\/670"}],"up":[{"embeddable":true,"href":"https:\/\/www.epicure.live\/de\/wp-json\/wp\/v2\/pages\/185"}],"wp:featuredmedia":[{"embeddable":true,"href":"https:\/\/www.epicure.live\/de\/wp-json\/wp\/v2\/media\/94"}],"wp:attachment":[{"href":"https:\/\/www.epicure.live\/de\/wp-json\/wp\/v2\/media?parent=256"}],"curies":[{"name":"wp","href":"https:\/\/api.w.org\/{rel}","templated":true}]}}