{"id":263,"date":"2016-08-11T19:21:58","date_gmt":"2016-08-11T17:21:58","guid":{"rendered":"http:\/\/www.epicure.live\/?page_id=263"},"modified":"2016-10-30T03:59:50","modified_gmt":"2016-10-30T02:59:50","slug":"la-coloc-du-sud-6","status":"publish","type":"page","link":"https:\/\/www.epicure.live\/de\/accueil\/colocations\/la-coloc-du-sud-6\/","title":{"rendered":"WG &#8218;S\u00fcd'"},"content":{"rendered":"<p>Eine lebendige Gemeinschaft mit dem besten Ausblick auf den See und eine private Terrasse.<\/p>\n<p>Es befindet sich in einem Haus mit vier Etagen, die No. 6 rue du L\u00e9man, ist es sowohl S\u00fcden in den L\u00e9man orientiert und mit Blick nach Osten auf dem ehemaligen Garten, in dem heute das Alimentarium befindet.<\/p>\n<p>Die Westwand des Geb\u00e4udes zeigt die erstklassige\u00a0Arbeit eines\u00a0Steinmetzen auf einer ausgew\u00e4hlten &#8222;Molasse&#8220; aus der Region. Die gusseisernen \u00a0Balustraden auf den Balkonen haben sogar unseren Kunstschmied begeistert.<\/p>\n<p>D\u00e9tails de la Colocation c\u00f4t\u00e9 Lac<\/p>\n<p>C&#8217;est la plus r\u00e9cente des maisons du projet L\u00e9man2, une jeunette de 120 \u00e0 140 printemps.<br \/>\nLa maison a la particularit\u00e9 d&#8217;\u00eatre orient\u00e9e Est-Ouest sur les deux premiers \u00e9tages, et Nord-Sud sur les \u00e9tages sup\u00e9rieurs.<\/p>\n<p>De la verri\u00e8re sur le toit, la vue coupe le souffle.<br \/>\nC&#8217;est une maison paquebot qui vibre droit au vent sur trois faces.<br \/>\nC&#8217;est une maison biscornue &#8218;mang\u00e9e&#8216; par sa cage d&#8217;escalier.<br \/>\nC&#8217;est une maison sur cinq \u00e9tages qui exige une forme athl\u00e9tique et des mollets d&#8217;acier.<br \/>\nC&#8217;est une maison ensorcelante &#8211; carrelages d&#8217;\u00e9poque, ferronneries travaill\u00e9es des balcons et des garde-fous, vieux parquets dont une curiosit\u00e9 faite de lattes de poirier, jardin enclos sous la tonnelle couverte de roses.<br \/>\nDe ses fen\u00eatres, Hodler aurait pu se laisser inspirer des tableaux idylliques du lac au clair de lune.<\/p>\n<p>&nbsp;<\/p>\n<p><img decoding=\"async\" loading=\"lazy\" class=\"alignnone size-medium wp-image-265\" src=\"http:\/\/www.epicure.live\/wp-content\/uploads\/2016\/08\/Leman6_facade-300x225.jpg\" alt=\"Leman6_facade\" width=\"300\" height=\"225\" srcset=\"https:\/\/www.epicure.live\/wp-content\/uploads\/2016\/08\/Leman6_facade-300x225.jpg 300w, https:\/\/www.epicure.live\/wp-content\/uploads\/2016\/08\/Leman6_facade-768x576.jpg 768w, https:\/\/www.epicure.live\/wp-content\/uploads\/2016\/08\/Leman6_facade.jpg 800w\" sizes=\"(max-width: 300px) 100vw, 300px\" \/><\/p>\n<p>&nbsp;<\/p>\n<p><img decoding=\"async\" loading=\"lazy\" class=\"alignnone size-medium wp-image-267\" src=\"http:\/\/www.epicure.live\/wp-content\/uploads\/2016\/08\/Leman6_finition_chambreGrenier.jpg\" alt=\"Leman6_finition_chambreGrenier\" width=\"96\" height=\"128\" \/><\/p>\n<p>&nbsp;<\/p>\n<p>&nbsp;<\/p>\n<p>&nbsp;<\/p>\n<p>&nbsp;<\/p>","protected":false},"excerpt":{"rendered":"<p>Eine lebendige Gemeinschaft mit dem besten Ausblick auf den See und eine private Terrasse. Es befindet sich in einem Haus mit vier Etagen, die No. 6 rue du L\u00e9man, ist es sowohl S\u00fcden in den L\u00e9man orientiert und mit Blick nach Osten auf dem ehemaligen Garten, in dem heute das Alimentarium befindet. Die Westwand des [&hellip;]<\/p>\n","protected":false},"author":2,"featured_media":0,"parent":435,"menu_order":3,"comment_status":"closed","ping_status":"closed","template":"","meta":[],"_links":{"self":[{"href":"https:\/\/www.epicure.live\/de\/wp-json\/wp\/v2\/pages\/263"}],"collection":[{"href":"https:\/\/www.epicure.live\/de\/wp-json\/wp\/v2\/pages"}],"about":[{"href":"https:\/\/www.epicure.live\/de\/wp-json\/wp\/v2\/types\/page"}],"author":[{"embeddable":true,"href":"https:\/\/www.epicure.live\/de\/wp-json\/wp\/v2\/users\/2"}],"replies":[{"embeddable":true,"href":"https:\/\/www.epicure.live\/de\/wp-json\/wp\/v2\/comments?post=263"}],"version-history":[{"count":9,"href":"https:\/\/www.epicure.live\/de\/wp-json\/wp\/v2\/pages\/263\/revisions"}],"predecessor-version":[{"id":519,"href":"https:\/\/www.epicure.live\/de\/wp-json\/wp\/v2\/pages\/263\/revisions\/519"}],"up":[{"embeddable":true,"href":"https:\/\/www.epicure.live\/de\/wp-json\/wp\/v2\/pages\/435"}],"wp:attachment":[{"href":"https:\/\/www.epicure.live\/de\/wp-json\/wp\/v2\/media?parent=263"}],"curies":[{"name":"wp","href":"https:\/\/api.w.org\/{rel}","templated":true}]}}