{"id":322,"date":"2016-08-13T13:15:42","date_gmt":"2016-08-13T11:15:42","guid":{"rendered":"http:\/\/www.epicure.live\/?page_id=322"},"modified":"2016-10-30T03:51:54","modified_gmt":"2016-10-30T02:51:54","slug":"maisonette-briques-rouges","status":"publish","type":"page","link":"https:\/\/www.epicure.live\/de\/accueil\/meubles\/maisonette-briques-rouges\/","title":{"rendered":"Duplex &#8218;Mitte'"},"content":{"rendered":"<p>Sch\u00f6ne Sicht auf G\u00e4rten und den L\u00e9man.<\/p>\n<p>Cuisine tr\u00e8s sophistiqu\u00e9e, tr\u00e8s bel s\u00e9jour, le plus spacieux du site.<\/p>","protected":false},"excerpt":{"rendered":"<p>Sch\u00f6ne Sicht auf G\u00e4rten und den L\u00e9man. Cuisine tr\u00e8s sophistiqu\u00e9e, tr\u00e8s bel s\u00e9jour, le plus spacieux du site.<\/p>\n","protected":false},"author":2,"featured_media":0,"parent":444,"menu_order":3,"comment_status":"closed","ping_status":"closed","template":"","meta":[],"_links":{"self":[{"href":"https:\/\/www.epicure.live\/de\/wp-json\/wp\/v2\/pages\/322"}],"collection":[{"href":"https:\/\/www.epicure.live\/de\/wp-json\/wp\/v2\/pages"}],"about":[{"href":"https:\/\/www.epicure.live\/de\/wp-json\/wp\/v2\/types\/page"}],"author":[{"embeddable":true,"href":"https:\/\/www.epicure.live\/de\/wp-json\/wp\/v2\/users\/2"}],"replies":[{"embeddable":true,"href":"https:\/\/www.epicure.live\/de\/wp-json\/wp\/v2\/comments?post=322"}],"version-history":[{"count":8,"href":"https:\/\/www.epicure.live\/de\/wp-json\/wp\/v2\/pages\/322\/revisions"}],"predecessor-version":[{"id":516,"href":"https:\/\/www.epicure.live\/de\/wp-json\/wp\/v2\/pages\/322\/revisions\/516"}],"up":[{"embeddable":true,"href":"https:\/\/www.epicure.live\/de\/wp-json\/wp\/v2\/pages\/444"}],"wp:attachment":[{"href":"https:\/\/www.epicure.live\/de\/wp-json\/wp\/v2\/media?parent=322"}],"curies":[{"name":"wp","href":"https:\/\/api.w.org\/{rel}","templated":true}]}}