{"id":470,"date":"2016-10-28T23:35:49","date_gmt":"2016-10-28T21:35:49","guid":{"rendered":"http:\/\/www.epicure.live\/?page_id=470"},"modified":"2023-01-19T16:58:28","modified_gmt":"2023-01-19T15:58:28","slug":"bb","status":"publish","type":"page","link":"https:\/\/www.epicure.live\/de\/accueil\/bb\/","title":{"rendered":"BnB"},"content":{"rendered":"<p>F\u00fcr Kurzaufenthalter bis 1 Monat bietet Epicure.live zwei voll ausger\u00fcstete und unabh\u00e4ngige BnB (bed no breakfast) Einheiten an:<\/p>\n<ul>\n<li>Das <a href=\"https:\/\/www.airbnb.com\/rooms\/3639774?source_impression_id=p3_1600980948_XLej2wT4BMCG1KOY\" target=\"_blank\" rel=\"noopener noreferrer\">Studio<\/a>, hat die Terrasse vor dem Fenster und ist ideal f\u00fcr 2 Personen mit oder ohne Kind.<\/li>\n<li>Le <a href=\"https:\/\/www.airbnb.com\/rooms\/20985745?source_impression_id=p3_1600980338_gUyegdkHm08OjKS5\" target=\"_blank\" rel=\"noopener noreferrer\">Duplex<\/a>, hat eine Suite mit grossem Badezimme im unteren Stock und dar\u00fcber K\u00fcche, Essraum und zwei Schlafzimmer mit direktem Zugang zur Terrasse.\u00a0 Sie ist sehr gut f\u00fcr eine Gruppe von 4 bis 6 Personen oder eine gr\u00f6ssere Familie geeignet.<\/li>\n<\/ul>\n<p><\/p>","protected":false},"excerpt":{"rendered":"<p>F\u00fcr Kurzaufenthalter bis 1 Monat bietet Epicure.live zwei voll ausger\u00fcstete und unabh\u00e4ngige BnB (bed no breakfast) Einheiten an: Das Studio, hat die Terrasse vor dem Fenster und ist ideal f\u00fcr 2 Personen mit oder ohne Kind. Le Duplex, hat eine Suite mit grossem Badezimme im unteren Stock und dar\u00fcber K\u00fcche, Essraum und zwei Schlafzimmer mit [&hellip;]<\/p>\n","protected":false},"author":2,"featured_media":49,"parent":185,"menu_order":6,"comment_status":"closed","ping_status":"closed","template":"","meta":[],"_links":{"self":[{"href":"https:\/\/www.epicure.live\/de\/wp-json\/wp\/v2\/pages\/470"}],"collection":[{"href":"https:\/\/www.epicure.live\/de\/wp-json\/wp\/v2\/pages"}],"about":[{"href":"https:\/\/www.epicure.live\/de\/wp-json\/wp\/v2\/types\/page"}],"author":[{"embeddable":true,"href":"https:\/\/www.epicure.live\/de\/wp-json\/wp\/v2\/users\/2"}],"replies":[{"embeddable":true,"href":"https:\/\/www.epicure.live\/de\/wp-json\/wp\/v2\/comments?post=470"}],"version-history":[{"count":34,"href":"https:\/\/www.epicure.live\/de\/wp-json\/wp\/v2\/pages\/470\/revisions"}],"predecessor-version":[{"id":718,"href":"https:\/\/www.epicure.live\/de\/wp-json\/wp\/v2\/pages\/470\/revisions\/718"}],"up":[{"embeddable":true,"href":"https:\/\/www.epicure.live\/de\/wp-json\/wp\/v2\/pages\/185"}],"wp:featuredmedia":[{"embeddable":true,"href":"https:\/\/www.epicure.live\/de\/wp-json\/wp\/v2\/media\/49"}],"wp:attachment":[{"href":"https:\/\/www.epicure.live\/de\/wp-json\/wp\/v2\/media?parent=470"}],"curies":[{"name":"wp","href":"https:\/\/api.w.org\/{rel}","templated":true}]}}