{"id":121,"date":"2016-08-06T13:44:20","date_gmt":"2016-08-06T11:44:20","guid":{"rendered":"http:\/\/localhost\/www.epicure.live\/?page_id=121"},"modified":"2016-12-29T06:56:08","modified_gmt":"2016-12-29T05:56:08","slug":"chantier","status":"publish","type":"page","link":"https:\/\/www.epicure.live\/en\/accueil\/le-projet\/chantier\/","title":{"rendered":"Work in progress"},"content":{"rendered":"<p>These photos provide an impression of the dimension of the works: each of the eight houses has been renovated from the ground up to the roof.<\/p>\n<p>Each roof has been taken apart, the beam structure checked, repaired,\u00a0equipped\u00a0with a thick insulation of cellulose (waste paper)\u00a0\u00a0and then covered with the original tiles.<\/p>\n<p>Une grande partie des fondations a \u00e9t\u00e9 assainie, les sols piqu\u00e9s puis isol\u00e9s avec de la mousse de verre a\u00e9r\u00e9e.<\/p>\n<p>Les murs ont \u00e9t\u00e9 d\u00e9gag\u00e9s, puis trait\u00e9s \u00e0 la chaux \u00e0 l&#8217;ext\u00e9rieur, recouverts d&#8217;argile \u00e0 l&#8217;int\u00e9rieur chaque fois que cela faisait du sens, en particulier pour les radiateurs muraux<br \/>\nLes fen\u00eatres ont \u00e9t\u00e9 prot\u00e9g\u00e9es d&#8217;une deuxi\u00e8me fen\u00eatre partout o\u00f9 le phonique jouait un r\u00f4le<br \/>\nToute la tuyauterie et toutes les installations \u00e9lectriques ont \u00e9t\u00e9 remplac\u00e9es<br \/>\netc&#8230;<\/p>\n<p><div id='gallery-3' class='gallery galleryid-121 gallery-columns-3 gallery-size-thumbnail'><dl class='gallery-item'>\n\t\t\t<dt class='gallery-icon landscape'>\n\t\t\t\t<a href='https:\/\/www.epicure.live\/en\/the-family\/'><img width=\"150\" height=\"150\" src=\"https:\/\/www.epicure.live\/wp-content\/uploads\/2016\/08\/the-family-150x150.jpg\" class=\"attachment-thumbnail size-thumbnail\" alt=\"\" decoding=\"async\" loading=\"lazy\" \/><\/a>\n\t\t\t<\/dt><\/dl><dl class='gallery-item'>\n\t\t\t<dt class='gallery-icon portrait'>\n\t\t\t\t<a href='https:\/\/www.epicure.live\/en\/cour6apres\/'><img width=\"150\" height=\"150\" src=\"https:\/\/www.epicure.live\/wp-content\/uploads\/2016\/08\/cour6apres-150x150.jpg\" class=\"attachment-thumbnail size-thumbnail\" alt=\"\" decoding=\"async\" loading=\"lazy\" srcset=\"https:\/\/www.epicure.live\/wp-content\/uploads\/2016\/08\/cour6apres-150x150.jpg 150w, https:\/\/www.epicure.live\/wp-content\/uploads\/2016\/08\/cour6apres-360x360.jpg 360w\" sizes=\"(max-width: 150px) 100vw, 150px\" \/><\/a>\n\t\t\t<\/dt><\/dl><dl class='gallery-item'>\n\t\t\t<dt class='gallery-icon portrait'>\n\t\t\t\t<a href='https:\/\/www.epicure.live\/en\/pinces_2008_table_4\/'><img width=\"150\" height=\"150\" src=\"https:\/\/www.epicure.live\/wp-content\/uploads\/2016\/08\/Pinces_2008_table_4-150x150.jpg\" class=\"attachment-thumbnail size-thumbnail\" alt=\"\" decoding=\"async\" loading=\"lazy\" \/><\/a>\n\t\t\t<\/dt><\/dl><br style=\"clear: both\" \/><dl class='gallery-item'>\n\t\t\t<dt class='gallery-icon portrait'>\n\t\t\t\t<a href='https:\/\/www.epicure.live\/en\/epoqueheroique_070624006\/'><img width=\"150\" height=\"150\" src=\"https:\/\/www.epicure.live\/wp-content\/uploads\/2016\/08\/EpoqueHeroique_070624006-150x150.jpg\" class=\"attachment-thumbnail size-thumbnail\" alt=\"\" decoding=\"async\" loading=\"lazy\" srcset=\"https:\/\/www.epicure.live\/wp-content\/uploads\/2016\/08\/EpoqueHeroique_070624006-150x150.jpg 150w, https:\/\/www.epicure.live\/wp-content\/uploads\/2016\/08\/EpoqueHeroique_070624006-480x480.jpg 480w\" sizes=\"(max-width: 150px) 100vw, 150px\" \/><\/a>\n\t\t\t<\/dt><\/dl><dl class='gallery-item'>\n\t\t\t<dt class='gallery-icon portrait'>\n\t\t\t\t<a href='https:\/\/www.epicure.live\/en\/091024-005\/'><img width=\"150\" height=\"150\" src=\"https:\/\/www.epicure.live\/wp-content\/uploads\/2016\/08\/091024-005-150x150.jpg\" class=\"attachment-thumbnail size-thumbnail\" alt=\"\" decoding=\"async\" loading=\"lazy\" srcset=\"https:\/\/www.epicure.live\/wp-content\/uploads\/2016\/08\/091024-005-150x150.jpg 150w, https:\/\/www.epicure.live\/wp-content\/uploads\/2016\/08\/091024-005-480x480.jpg 480w\" sizes=\"(max-width: 150px) 100vw, 150px\" \/><\/a>\n\t\t\t<\/dt><\/dl><dl class='gallery-item'>\n\t\t\t<dt class='gallery-icon landscape'>\n\t\t\t\t<a href='https:\/\/www.epicure.live\/en\/090731-018\/'><img width=\"150\" height=\"150\" src=\"https:\/\/www.epicure.live\/wp-content\/uploads\/2016\/08\/090731-018-150x150.jpg\" class=\"attachment-thumbnail size-thumbnail\" alt=\"\" decoding=\"async\" loading=\"lazy\" srcset=\"https:\/\/www.epicure.live\/wp-content\/uploads\/2016\/08\/090731-018-150x150.jpg 150w, https:\/\/www.epicure.live\/wp-content\/uploads\/2016\/08\/090731-018-480x480.jpg 480w\" sizes=\"(max-width: 150px) 100vw, 150px\" \/><\/a>\n\t\t\t<\/dt><\/dl><br style=\"clear: both\" \/><dl class='gallery-item'>\n\t\t\t<dt class='gallery-icon landscape'>\n\t\t\t\t<a href='https:\/\/www.epicure.live\/en\/090731-017\/'><img width=\"150\" height=\"150\" src=\"https:\/\/www.epicure.live\/wp-content\/uploads\/2016\/08\/090731-017-150x150.jpg\" class=\"attachment-thumbnail size-thumbnail\" alt=\"\" decoding=\"async\" loading=\"lazy\" srcset=\"https:\/\/www.epicure.live\/wp-content\/uploads\/2016\/08\/090731-017-150x150.jpg 150w, https:\/\/www.epicure.live\/wp-content\/uploads\/2016\/08\/090731-017-480x480.jpg 480w\" sizes=\"(max-width: 150px) 100vw, 150px\" \/><\/a>\n\t\t\t<\/dt><\/dl><dl class='gallery-item'>\n\t\t\t<dt class='gallery-icon portrait'>\n\t\t\t\t<a href='https:\/\/www.epicure.live\/en\/090731-006\/'><img width=\"150\" height=\"150\" src=\"https:\/\/www.epicure.live\/wp-content\/uploads\/2016\/08\/090731-006-150x150.jpg\" class=\"attachment-thumbnail size-thumbnail\" alt=\"\" decoding=\"async\" loading=\"lazy\" srcset=\"https:\/\/www.epicure.live\/wp-content\/uploads\/2016\/08\/090731-006-150x150.jpg 150w, https:\/\/www.epicure.live\/wp-content\/uploads\/2016\/08\/090731-006-360x360.jpg 360w\" sizes=\"(max-width: 150px) 100vw, 150px\" \/><\/a>\n\t\t\t<\/dt><\/dl><dl class='gallery-item'>\n\t\t\t<dt class='gallery-icon landscape'>\n\t\t\t\t<a href='https:\/\/www.epicure.live\/en\/090314-006\/'><img width=\"150\" height=\"150\" src=\"https:\/\/www.epicure.live\/wp-content\/uploads\/2016\/08\/090314-006-150x150.jpg\" class=\"attachment-thumbnail size-thumbnail\" alt=\"\" decoding=\"async\" loading=\"lazy\" srcset=\"https:\/\/www.epicure.live\/wp-content\/uploads\/2016\/08\/090314-006-150x150.jpg 150w, https:\/\/www.epicure.live\/wp-content\/uploads\/2016\/08\/090314-006-480x480.jpg 480w\" sizes=\"(max-width: 150px) 100vw, 150px\" \/><\/a>\n\t\t\t<\/dt><\/dl><br style=\"clear: both\" \/><dl class='gallery-item'>\n\t\t\t<dt class='gallery-icon portrait'>\n\t\t\t\t<a href='https:\/\/www.epicure.live\/en\/081202-008\/'><img width=\"150\" height=\"150\" src=\"https:\/\/www.epicure.live\/wp-content\/uploads\/2016\/08\/081202-008-150x150.jpg\" class=\"attachment-thumbnail size-thumbnail\" alt=\"\" decoding=\"async\" loading=\"lazy\" srcset=\"https:\/\/www.epicure.live\/wp-content\/uploads\/2016\/08\/081202-008-150x150.jpg 150w, https:\/\/www.epicure.live\/wp-content\/uploads\/2016\/08\/081202-008-480x480.jpg 480w\" sizes=\"(max-width: 150px) 100vw, 150px\" \/><\/a>\n\t\t\t<\/dt><\/dl><dl class='gallery-item'>\n\t\t\t<dt class='gallery-icon landscape'>\n\t\t\t\t<a href='https:\/\/www.epicure.live\/en\/080616-036\/'><img width=\"150\" height=\"150\" src=\"https:\/\/www.epicure.live\/wp-content\/uploads\/2016\/08\/080616-036-150x150.jpg\" class=\"attachment-thumbnail size-thumbnail\" alt=\"\" decoding=\"async\" loading=\"lazy\" srcset=\"https:\/\/www.epicure.live\/wp-content\/uploads\/2016\/08\/080616-036-150x150.jpg 150w, https:\/\/www.epicure.live\/wp-content\/uploads\/2016\/08\/080616-036-480x480.jpg 480w\" sizes=\"(max-width: 150px) 100vw, 150px\" \/><\/a>\n\t\t\t<\/dt><\/dl><dl class='gallery-item'>\n\t\t\t<dt class='gallery-icon portrait'>\n\t\t\t\t<a href='https:\/\/www.epicure.live\/en\/060719-forage-leman-2-024\/'><img width=\"150\" height=\"150\" src=\"https:\/\/www.epicure.live\/wp-content\/uploads\/2016\/08\/060719-Forage-Leman-2-024-150x150.jpg\" class=\"attachment-thumbnail size-thumbnail\" alt=\"\" decoding=\"async\" loading=\"lazy\" srcset=\"https:\/\/www.epicure.live\/wp-content\/uploads\/2016\/08\/060719-Forage-Leman-2-024-150x150.jpg 150w, https:\/\/www.epicure.live\/wp-content\/uploads\/2016\/08\/060719-Forage-Leman-2-024-360x360.jpg 360w\" sizes=\"(max-width: 150px) 100vw, 150px\" \/><\/a>\n\t\t\t<\/dt><\/dl><br style=\"clear: both\" \/>\n\t\t<\/div>\n<\/p>","protected":false},"excerpt":{"rendered":"<p>These photos provide an impression of the dimension of the works: each of the eight houses has been renovated from the ground up to the roof. Each roof has been taken apart, the beam structure checked, repaired,\u00a0equipped\u00a0with a thick insulation of cellulose (waste paper)\u00a0\u00a0and then covered with the original tiles. Une grande partie des fondations [&hellip;]<\/p>\n","protected":false},"author":1,"featured_media":0,"parent":111,"menu_order":6,"comment_status":"closed","ping_status":"closed","template":"","meta":[],"_links":{"self":[{"href":"https:\/\/www.epicure.live\/en\/wp-json\/wp\/v2\/pages\/121"}],"collection":[{"href":"https:\/\/www.epicure.live\/en\/wp-json\/wp\/v2\/pages"}],"about":[{"href":"https:\/\/www.epicure.live\/en\/wp-json\/wp\/v2\/types\/page"}],"author":[{"embeddable":true,"href":"https:\/\/www.epicure.live\/en\/wp-json\/wp\/v2\/users\/1"}],"replies":[{"embeddable":true,"href":"https:\/\/www.epicure.live\/en\/wp-json\/wp\/v2\/comments?post=121"}],"version-history":[{"count":7,"href":"https:\/\/www.epicure.live\/en\/wp-json\/wp\/v2\/pages\/121\/revisions"}],"predecessor-version":[{"id":660,"href":"https:\/\/www.epicure.live\/en\/wp-json\/wp\/v2\/pages\/121\/revisions\/660"}],"up":[{"embeddable":true,"href":"https:\/\/www.epicure.live\/en\/wp-json\/wp\/v2\/pages\/111"}],"wp:attachment":[{"href":"https:\/\/www.epicure.live\/en\/wp-json\/wp\/v2\/media?parent=121"}],"curies":[{"name":"wp","href":"https:\/\/api.w.org\/{rel}","templated":true}]}}