{"id":190,"date":"2016-08-06T16:03:12","date_gmt":"2016-08-06T14:03:12","guid":{"rendered":"http:\/\/localhost\/www.epicure.live\/?page_id=190"},"modified":"2016-10-29T00:06:50","modified_gmt":"2016-10-28T22:06:50","slug":"les-entreprises","status":"publish","type":"page","link":"https:\/\/www.epicure.live\/en\/accueil\/le-staff\/les-entreprises\/","title":{"rendered":"The suppliers"},"content":{"rendered":"<p>Andr\u00e9 Blanc &#8211; Jardinage<br \/>\nG\u00e9rard Augsburger &#8211; Forage<br \/>\nWerner Buechel \u2013 Argile, isolation<br \/>\nCarr\u00e9 &#8211; Carrelages<br \/>\nLaurent Denervaud &#8211; Hydrog\u00e9ologue<br \/>\nRoland Dubach Held SA \u2013 Electricit\u00e9 et t\u00e9l\u00e9phone<br \/>\nPascal Dugon &#8211; Marbrier<br \/>\nAtelier d&#8217;Architecture Michel Du Pasquier SA &#8211; Plans, conseils techniques<br \/>\nGeorges Favre \u2013 Serrurier<br \/>\nRaoul Fuhrer &#8211; Marbrier<br \/>\nJean-Blaise Gardiol &#8211; Arch\u00e9ologue<br \/>\nPatrick Good &#8211; Chemin\u00e9es<br \/>\nBernard Grognuz, Dentan SA &#8211; Etanch\u00e9it\u00e9<br \/>\nM Hirt, Riviera Couleurs \u2013 Materiel de peinture<br \/>\nKeim peintures \u2013 Couleurs speciales<br \/>\nKocher Fr\u00e8res \u2013 Transports<br \/>\nNico Lugt, Sunergic SA \u2013 Solaire photovoltaique<br \/>\nChristian Meldem &#8211; Ing\u00e9nieur statique et feu<br \/>\nValentin &#8211; Peinture<br \/>\nMetraux Transports SA &#8211; SAble<br \/>\nManuel Montero, Felli SA &#8211; Ma\u00e7onnerie, Dalles, chapes, canalisation<br \/>\nDesire Mouquin, fuhrer + bachmann ag \u2013 Machines specialis\u00e9es<br \/>\nArmand Papaux, Fracheboud SA \u2013 D\u00e9molition et sciage<br \/>\nRaymond Richard \u2013 Charpentier<br \/>\nAlain Roseng \u2013 Menuiserie<br \/>\nS\u00e9bastien Rossier, Gysi Pompes \u2013 Pompe immerg\u00e9e<br \/>\nSerge Rastoldo \u2013 Couverture et ferblanterie<br \/>\nGetaz Romang \u2013 Materiaux de construction<br \/>\nAndr\u00e9 Roos \u2013 Ventilation<br \/>\nDominique Ruchet, Grisoni-Zaugg SA \u2013 Pr\u00e9paration du chantier<br \/>\nClaude Rubin \u2013 Echafaudages<br \/>\nSascha Quincaillerie Riviera \u2013 Machines, outils<br \/>\nPhilippe Simon \u2013 Staff, pl\u00e2terie<br \/>\nHermann Queisser, Walter Meier \u2013 Chauffage, solaire thermique<br \/>\nAntonio et Jos\u00e9 Vieira \u2013 Installation chauffage et sanitaires<br \/>\nDaniel Wickart, Chammartin &amp; Spicher &#8211; Ing\u00e9nieurs chauffage<br \/>\nMichel Zumbrunnen &#8211; Fa\u00e7ades, Restauration peintures XVII\u00e8me<\/p>\n","protected":false},"excerpt":{"rendered":"<p>Andr\u00e9 Blanc &#8211; Jardinage G\u00e9rard Augsburger &#8211; Forage Werner Buechel \u2013 Argile, isolation Carr\u00e9 &#8211; Carrelages Laurent Denervaud &#8211; Hydrog\u00e9ologue Roland Dubach Held SA \u2013 Electricit\u00e9 et t\u00e9l\u00e9phone Pascal Dugon &#8211; Marbrier Atelier d&#8217;Architecture Michel Du Pasquier SA &#8211; Plans, conseils techniques Georges Favre \u2013 Serrurier Raoul Fuhrer &#8211; Marbrier Jean-Blaise Gardiol &#8211; Arch\u00e9ologue Patrick [&hellip;]<\/p>\n","protected":false},"author":1,"featured_media":0,"parent":192,"menu_order":1,"comment_status":"closed","ping_status":"closed","template":"","meta":[],"_links":{"self":[{"href":"https:\/\/www.epicure.live\/en\/wp-json\/wp\/v2\/pages\/190"}],"collection":[{"href":"https:\/\/www.epicure.live\/en\/wp-json\/wp\/v2\/pages"}],"about":[{"href":"https:\/\/www.epicure.live\/en\/wp-json\/wp\/v2\/types\/page"}],"author":[{"embeddable":true,"href":"https:\/\/www.epicure.live\/en\/wp-json\/wp\/v2\/users\/1"}],"replies":[{"embeddable":true,"href":"https:\/\/www.epicure.live\/en\/wp-json\/wp\/v2\/comments?post=190"}],"version-history":[{"count":3,"href":"https:\/\/www.epicure.live\/en\/wp-json\/wp\/v2\/pages\/190\/revisions"}],"predecessor-version":[{"id":483,"href":"https:\/\/www.epicure.live\/en\/wp-json\/wp\/v2\/pages\/190\/revisions\/483"}],"up":[{"embeddable":true,"href":"https:\/\/www.epicure.live\/en\/wp-json\/wp\/v2\/pages\/192"}],"wp:attachment":[{"href":"https:\/\/www.epicure.live\/en\/wp-json\/wp\/v2\/media?parent=190"}],"curies":[{"name":"wp","href":"https:\/\/api.w.org\/{rel}","templated":true}]}}