{"id":329,"date":"2016-08-13T13:52:15","date_gmt":"2016-08-13T11:52:15","guid":{"rendered":"http:\/\/www.epicure.live\/?page_id=329"},"modified":"2016-10-28T22:54:48","modified_gmt":"2016-10-28T20:54:48","slug":"appartement-nord","status":"publish","type":"page","link":"https:\/\/www.epicure.live\/en\/accueil\/meubles\/appartement-nord\/","title":{"rendered":"Apartment North"},"content":{"rendered":"<p>This apartment, situated on the 1st floor of \u00a0&#8216;rue d&#8217;Italie 59&#8217;, is the most ancient of the site &#8216;L\u00e9man2&#8217;. It disposes of a very large living with chemin\u00e9e, a cosy and efficient kitchen, an old-style bed-room and a pi\u00e8ce d&#8217;appoint in the center.<\/p>","protected":false},"excerpt":{"rendered":"<p>This apartment, situated on the 1st floor of \u00a0&#8216;rue d&#8217;Italie 59&#8217;, is the most ancient of the site &#8216;L\u00e9man2&#8217;. It disposes of a very large living with chemin\u00e9e, a cosy and efficient kitchen, an old-style bed-room and a pi\u00e8ce d&#8217;appoint in the center.<\/p>\n","protected":false},"author":2,"featured_media":0,"parent":444,"menu_order":1,"comment_status":"closed","ping_status":"closed","template":"","meta":[],"_links":{"self":[{"href":"https:\/\/www.epicure.live\/en\/wp-json\/wp\/v2\/pages\/329"}],"collection":[{"href":"https:\/\/www.epicure.live\/en\/wp-json\/wp\/v2\/pages"}],"about":[{"href":"https:\/\/www.epicure.live\/en\/wp-json\/wp\/v2\/types\/page"}],"author":[{"embeddable":true,"href":"https:\/\/www.epicure.live\/en\/wp-json\/wp\/v2\/users\/2"}],"replies":[{"embeddable":true,"href":"https:\/\/www.epicure.live\/en\/wp-json\/wp\/v2\/comments?post=329"}],"version-history":[{"count":3,"href":"https:\/\/www.epicure.live\/en\/wp-json\/wp\/v2\/pages\/329\/revisions"}],"predecessor-version":[{"id":353,"href":"https:\/\/www.epicure.live\/en\/wp-json\/wp\/v2\/pages\/329\/revisions\/353"}],"up":[{"embeddable":true,"href":"https:\/\/www.epicure.live\/en\/wp-json\/wp\/v2\/pages\/444"}],"wp:attachment":[{"href":"https:\/\/www.epicure.live\/en\/wp-json\/wp\/v2\/media?parent=329"}],"curies":[{"name":"wp","href":"https:\/\/api.w.org\/{rel}","templated":true}]}}